{"id":82,"date":"2022-08-21T12:16:48","date_gmt":"2022-08-21T12:16:48","guid":{"rendered":"http:\/\/www.pofi.at\/?page_id=82"},"modified":"2023-04-28T10:04:48","modified_gmt":"2023-04-28T10:04:48","slug":"steiermark-graz-und-leoben","status":"publish","type":"page","link":"https:\/\/www.pofi.at\/?page_id=82","title":{"rendered":"Kontakt"},"content":{"rendered":"\t\t<div data-elementor-type=\"wp-page\" data-elementor-id=\"82\" class=\"elementor elementor-82\">\n\t\t\t\t\t\t\t\t\t<section class=\"elementor-section elementor-top-section elementor-element elementor-element-63e0c239 elementor-section-height-min-height elementor-section-boxed elementor-section-height-default elementor-section-items-middle\" data-id=\"63e0c239\" data-element_type=\"section\" data-settings=\"{&quot;background_background&quot;:&quot;classic&quot;}\">\n\t\t\t\t\t\t<div class=\"elementor-container elementor-column-gap-default\">\n\t\t\t\t\t<div class=\"elementor-column elementor-col-50 elementor-top-column elementor-element elementor-element-7a7b4ba5\" data-id=\"7a7b4ba5\" data-element_type=\"column\">\n\t\t\t<div class=\"elementor-widget-wrap elementor-element-populated\">\n\t\t\t\t\t\t\t\t<div class=\"elementor-element elementor-element-7756c497 elementor-widget elementor-widget-image\" data-id=\"7756c497\" data-element_type=\"widget\" data-widget_type=\"image.default\">\n\t\t\t\t<div class=\"elementor-widget-container\">\n\t\t\t<style>\/*! elementor - v3.6.6 - 08-06-2022 *\/\n.elementor-widget-image{text-align:center}.elementor-widget-image a{display:inline-block}.elementor-widget-image a img[src$=\".svg\"]{width:48px}.elementor-widget-image img{vertical-align:middle;display:inline-block}<\/style>\t\t\t\t\t\t\t\t\t\t\t\t<img decoding=\"async\" width=\"525\" height=\"171\" src=\"https:\/\/www.pofi.at\/wp-content\/uploads\/2023\/04\/POFILOGO-3.png\" class=\"attachment-large size-large\" alt=\"\" loading=\"lazy\" srcset=\"https:\/\/www.pofi.at\/wp-content\/uploads\/2023\/04\/POFILOGO-3.png 581w, https:\/\/www.pofi.at\/wp-content\/uploads\/2023\/04\/POFILOGO-3-300x98.png 300w\" sizes=\"100vw\" \/>\t\t\t\t\t\t\t\t\t\t\t\t\t\t\t<\/div>\n\t\t\t\t<\/div>\n\t\t\t\t\t<\/div>\n\t\t<\/div>\n\t\t\t\t<div class=\"elementor-column elementor-col-50 elementor-top-column elementor-element elementor-element-34438cd1\" data-id=\"34438cd1\" data-element_type=\"column\">\n\t\t\t<div class=\"elementor-widget-wrap elementor-element-populated\">\n\t\t\t\t\t\t\t\t<div class=\"elementor-element elementor-element-4d378867 elementor-hidden-desktop elementor-hidden-tablet elementor-widget elementor-widget-image\" data-id=\"4d378867\" data-element_type=\"widget\" data-widget_type=\"image.default\">\n\t\t\t\t<div class=\"elementor-widget-container\">\n\t\t\t\t\t\t\t\t\t\t\t\t\t\t\t<img decoding=\"async\" width=\"100\" height=\"100\" src=\"https:\/\/www.pofi.at\/wp-content\/uploads\/2023\/04\/sonne-100x100.png\" class=\"attachment-twentyseventeen-thumbnail-avatar size-twentyseventeen-thumbnail-avatar\" alt=\"\" loading=\"lazy\" srcset=\"https:\/\/www.pofi.at\/wp-content\/uploads\/2023\/04\/sonne-100x100.png 100w, https:\/\/www.pofi.at\/wp-content\/uploads\/2023\/04\/sonne-150x150.png 150w\" sizes=\"100vw\" \/>\t\t\t\t\t\t\t\t\t\t\t\t\t\t\t<\/div>\n\t\t\t\t<\/div>\n\t\t\t\t\t<\/div>\n\t\t<\/div>\n\t\t\t\t\t\t\t<\/div>\n\t\t<\/section>\n\t\t\t\t<section class=\"elementor-section elementor-top-section elementor-element elementor-element-28711b8 elementor-section-boxed elementor-section-height-default elementor-section-height-default\" data-id=\"28711b8\" data-element_type=\"section\">\n\t\t\t\t\t\t<div class=\"elementor-container elementor-column-gap-default\">\n\t\t\t\t\t<div class=\"elementor-column elementor-col-100 elementor-top-column elementor-element elementor-element-2f6e6856\" data-id=\"2f6e6856\" data-element_type=\"column\">\n\t\t\t<div class=\"elementor-widget-wrap elementor-element-populated\">\n\t\t\t\t\t\t\t\t<section class=\"elementor-section elementor-inner-section elementor-element elementor-element-7d428547 elementor-section-boxed elementor-section-height-default elementor-section-height-default\" data-id=\"7d428547\" data-element_type=\"section\">\n\t\t\t\t\t\t<div class=\"elementor-container elementor-column-gap-default\">\n\t\t\t\t\t<div class=\"elementor-column elementor-col-16 elementor-inner-column elementor-element elementor-element-5cb14a6a\" data-id=\"5cb14a6a\" data-element_type=\"column\">\n\t\t\t<div class=\"elementor-widget-wrap elementor-element-populated\">\n\t\t\t\t\t\t\t\t<div class=\"elementor-element elementor-element-69c010af elementor-align-left elementor-widget elementor-widget-button\" data-id=\"69c010af\" data-element_type=\"widget\" data-widget_type=\"button.default\">\n\t\t\t\t<div class=\"elementor-widget-container\">\n\t\t\t\t\t<div class=\"elementor-button-wrapper\">\n\t\t\t<a href=\"http:\/\/www.pofi.at\" class=\"elementor-button-link elementor-button elementor-size-sm\" role=\"button\">\n\t\t\t\t\t\t<span class=\"elementor-button-content-wrapper\">\n\t\t\t\t\t\t<span class=\"elementor-button-text\">Startseite<\/span>\n\t\t<\/span>\n\t\t\t\t\t<\/a>\n\t\t<\/div>\n\t\t\t\t<\/div>\n\t\t\t\t<\/div>\n\t\t\t\t\t<\/div>\n\t\t<\/div>\n\t\t\t\t<div class=\"elementor-column elementor-col-16 elementor-inner-column elementor-element elementor-element-3e3947cb\" data-id=\"3e3947cb\" data-element_type=\"column\">\n\t\t\t<div class=\"elementor-widget-wrap elementor-element-populated\">\n\t\t\t\t\t\t\t\t<div class=\"elementor-element elementor-element-c9fa36 elementor-widget elementor-widget-button\" data-id=\"c9fa36\" data-element_type=\"widget\" data-widget_type=\"button.default\">\n\t\t\t\t<div class=\"elementor-widget-container\">\n\t\t\t\t\t<div class=\"elementor-button-wrapper\">\n\t\t\t<a href=\"http:\/\/www.pofi.at\/?page_id=65\" class=\"elementor-button-link elementor-button elementor-size-sm\" role=\"button\">\n\t\t\t\t\t\t<span class=\"elementor-button-content-wrapper\">\n\t\t\t\t\t\t<span class=\"elementor-button-text\">Leistungen<\/span>\n\t\t<\/span>\n\t\t\t\t\t<\/a>\n\t\t<\/div>\n\t\t\t\t<\/div>\n\t\t\t\t<\/div>\n\t\t\t\t\t<\/div>\n\t\t<\/div>\n\t\t\t\t<div class=\"elementor-column elementor-col-16 elementor-inner-column elementor-element elementor-element-2f817ef2\" data-id=\"2f817ef2\" data-element_type=\"column\">\n\t\t\t<div class=\"elementor-widget-wrap elementor-element-populated\">\n\t\t\t\t\t\t\t\t<div class=\"elementor-element elementor-element-974b229 elementor-widget elementor-widget-button\" data-id=\"974b229\" data-element_type=\"widget\" data-widget_type=\"button.default\">\n\t\t\t\t<div class=\"elementor-widget-container\">\n\t\t\t\t\t<div class=\"elementor-button-wrapper\">\n\t\t\t<a href=\"http:\/\/www.pofi.at\/?page_id=82\" class=\"elementor-button-link elementor-button elementor-size-sm\" role=\"button\">\n\t\t\t\t\t\t<span class=\"elementor-button-content-wrapper\">\n\t\t\t\t\t\t<span class=\"elementor-button-text\">Kontakt<\/span>\n\t\t<\/span>\n\t\t\t\t\t<\/a>\n\t\t<\/div>\n\t\t\t\t<\/div>\n\t\t\t\t<\/div>\n\t\t\t\t\t<\/div>\n\t\t<\/div>\n\t\t\t\t<div class=\"elementor-column elementor-col-16 elementor-inner-column elementor-element elementor-element-47e00f23\" data-id=\"47e00f23\" data-element_type=\"column\">\n\t\t\t<div class=\"elementor-widget-wrap elementor-element-populated\">\n\t\t\t\t\t\t\t\t<div class=\"elementor-element elementor-element-7386162b elementor-widget elementor-widget-button\" data-id=\"7386162b\" data-element_type=\"widget\" data-widget_type=\"button.default\">\n\t\t\t\t<div class=\"elementor-widget-container\">\n\t\t\t\t\t<div class=\"elementor-button-wrapper\">\n\t\t\t<a href=\"http:\/\/www.pofi.at\/?page_id=84\" class=\"elementor-button-link elementor-button elementor-size-sm\" role=\"button\">\n\t\t\t\t\t\t<span class=\"elementor-button-content-wrapper\">\n\t\t\t\t\t\t<span class=\"elementor-button-text\">Impressum<\/span>\n\t\t<\/span>\n\t\t\t\t\t<\/a>\n\t\t<\/div>\n\t\t\t\t<\/div>\n\t\t\t\t<\/div>\n\t\t\t\t\t<\/div>\n\t\t<\/div>\n\t\t\t\t<div class=\"elementor-column elementor-col-16 elementor-inner-column elementor-element elementor-element-7a7f1100\" data-id=\"7a7f1100\" data-element_type=\"column\">\n\t\t\t<div class=\"elementor-widget-wrap elementor-element-populated\">\n\t\t\t\t\t\t\t\t<div class=\"elementor-element elementor-element-820ff88 elementor-widget elementor-widget-text-editor\" data-id=\"820ff88\" data-element_type=\"widget\" data-widget_type=\"text-editor.default\">\n\t\t\t\t<div class=\"elementor-widget-container\">\n\t\t\t<style>\/*! elementor - v3.6.6 - 08-06-2022 *\/\n.elementor-widget-text-editor.elementor-drop-cap-view-stacked .elementor-drop-cap{background-color:#818a91;color:#fff}.elementor-widget-text-editor.elementor-drop-cap-view-framed .elementor-drop-cap{color:#818a91;border:3px solid;background-color:transparent}.elementor-widget-text-editor:not(.elementor-drop-cap-view-default) .elementor-drop-cap{margin-top:8px}.elementor-widget-text-editor:not(.elementor-drop-cap-view-default) .elementor-drop-cap-letter{width:1em;height:1em}.elementor-widget-text-editor .elementor-drop-cap{float:left;text-align:center;line-height:1;font-size:50px}.elementor-widget-text-editor .elementor-drop-cap-letter{display:inline-block}<\/style>\t\t\t\t<p><span id=\"zeichen\" class=\"user-select\"><img decoding=\"async\" class=\"emoji\" role=\"img\" draggable=\"false\" src=\"https:\/\/s.w.org\/images\/core\/emoji\/14.0.0\/svg\/2709.svg\" alt=\"\u2709\" \/><\/span> office@pofi.at<\/p>\t\t\t\t\t\t<\/div>\n\t\t\t\t<\/div>\n\t\t\t\t\t<\/div>\n\t\t<\/div>\n\t\t\t\t<div class=\"elementor-column elementor-col-16 elementor-inner-column elementor-element elementor-element-6973857d\" data-id=\"6973857d\" data-element_type=\"column\">\n\t\t\t<div class=\"elementor-widget-wrap elementor-element-populated\">\n\t\t\t\t\t\t\t\t<div class=\"elementor-element elementor-element-3bc61d07 elementor-widget elementor-widget-text-editor\" data-id=\"3bc61d07\" data-element_type=\"widget\" data-widget_type=\"text-editor.default\">\n\t\t\t\t<div class=\"elementor-widget-container\">\n\t\t\t\t\t\t\t<p>\u2706 +43 676 3506768<\/p>\t\t\t\t\t\t<\/div>\n\t\t\t\t<\/div>\n\t\t\t\t\t<\/div>\n\t\t<\/div>\n\t\t\t\t\t\t\t<\/div>\n\t\t<\/section>\n\t\t\t\t\t<\/div>\n\t\t<\/div>\n\t\t\t\t\t\t\t<\/div>\n\t\t<\/section>\n\t\t\t\t<section class=\"elementor-section elementor-top-section elementor-element elementor-element-64220b7 elementor-section-boxed elementor-section-height-default elementor-section-height-default\" data-id=\"64220b7\" data-element_type=\"section\">\n\t\t\t\t\t\t<div class=\"elementor-container elementor-column-gap-default\">\n\t\t\t\t\t<div class=\"elementor-column elementor-col-50 elementor-top-column elementor-element elementor-element-5f477a2\" data-id=\"5f477a2\" data-element_type=\"column\">\n\t\t\t<div class=\"elementor-widget-wrap elementor-element-populated\">\n\t\t\t\t\t\t\t\t<div class=\"elementor-element elementor-element-b726f26 elementor-widget elementor-widget-heading\" data-id=\"b726f26\" data-element_type=\"widget\" data-widget_type=\"heading.default\">\n\t\t\t\t<div class=\"elementor-widget-container\">\n\t\t\t<style>\/*! elementor - v3.6.6 - 08-06-2022 *\/\n.elementor-heading-title{padding:0;margin:0;line-height:1}.elementor-widget-heading .elementor-heading-title[class*=elementor-size-]>a{color:inherit;font-size:inherit;line-height:inherit}.elementor-widget-heading .elementor-heading-title.elementor-size-small{font-size:15px}.elementor-widget-heading .elementor-heading-title.elementor-size-medium{font-size:19px}.elementor-widget-heading .elementor-heading-title.elementor-size-large{font-size:29px}.elementor-widget-heading .elementor-heading-title.elementor-size-xl{font-size:39px}.elementor-widget-heading .elementor-heading-title.elementor-size-xxl{font-size:59px}<\/style><h2 class=\"elementor-heading-title elementor-size-default\">Kontakt<\/h2>\t\t<\/div>\n\t\t\t\t<\/div>\n\t\t\t\t<div class=\"elementor-element elementor-element-dda7037 elementor-widget elementor-widget-text-editor\" data-id=\"dda7037\" data-element_type=\"widget\" data-widget_type=\"text-editor.default\">\n\t\t\t\t<div class=\"elementor-widget-container\">\n\t\t\t\t\t\t\t<p>PoFi GmbH<br>Stallhofstra\u00dfe 24a<br>8112 Gratwein<br>\u00d6sterreich<\/p><p>Tel.Nr.: 0676 3506768<br>E-Mail: office@pofi.at<\/p><p><\/p>\t\t\t\t\t\t<\/div>\n\t\t\t\t<\/div>\n\t\t\t\t\t<\/div>\n\t\t<\/div>\n\t\t\t\t<div class=\"elementor-column elementor-col-50 elementor-top-column elementor-element elementor-element-bb110e1\" data-id=\"bb110e1\" data-element_type=\"column\">\n\t\t\t<div class=\"elementor-widget-wrap elementor-element-populated\">\n\t\t\t\t\t\t\t\t<div class=\"elementor-element elementor-element-e012321 elementor-widget elementor-widget-heading\" data-id=\"e012321\" data-element_type=\"widget\" data-widget_type=\"heading.default\">\n\t\t\t\t<div class=\"elementor-widget-container\">\n\t\t\t<h2 class=\"elementor-heading-title elementor-size-default\">Wir sind f\u00fcr Sie da!<\/h2>\t\t<\/div>\n\t\t\t\t<\/div>\n\t\t\t\t<div class=\"elementor-element elementor-element-4bd0331 elementor-widget elementor-widget-text-editor\" data-id=\"4bd0331\" data-element_type=\"widget\" data-widget_type=\"text-editor.default\">\n\t\t\t\t<div class=\"elementor-widget-container\">\n\t\t\t\t\t\t\t<p>Unser Elektrikermeister hilft Ihnen sehr gerne. Melden Sie sich gerne telefonisch f\u00fcr eine Erstberatung. Wenn Sie m\u00f6chten vereinbaren wir gerne einen Termin f\u00fcr ein pers\u00f6hnliches Gespr\u00e4ch oder eine Besichtigung.<\/p><p>Wir haben noch freie Termine f\u00fcr Photovoltaikanlagen 2023! Melden Sie sich gleich und reservieren Sie Ihren Termin.<\/p>\t\t\t\t\t\t<\/div>\n\t\t\t\t<\/div>\n\t\t\t\t\t<\/div>\n\t\t<\/div>\n\t\t\t\t\t\t\t<\/div>\n\t\t<\/section>\n\t\t\t\t<section class=\"elementor-section elementor-top-section elementor-element elementor-element-5a1775e elementor-section-boxed elementor-section-height-default elementor-section-height-default\" data-id=\"5a1775e\" data-element_type=\"section\">\n\t\t\t\t\t\t<div class=\"elementor-container elementor-column-gap-default\">\n\t\t\t\t\t<div class=\"elementor-column elementor-col-100 elementor-top-column elementor-element elementor-element-8f6d599\" data-id=\"8f6d599\" data-element_type=\"column\">\n\t\t\t<div class=\"elementor-widget-wrap elementor-element-populated\">\n\t\t\t\t\t\t\t\t<div class=\"elementor-element elementor-element-60574a7 elementor-widget elementor-widget-image\" data-id=\"60574a7\" data-element_type=\"widget\" data-widget_type=\"image.default\">\n\t\t\t\t<div class=\"elementor-widget-container\">\n\t\t\t\t\t\t\t\t\t\t\t\t\t\t\t<img decoding=\"async\" width=\"525\" height=\"394\" src=\"https:\/\/www.pofi.at\/wp-content\/uploads\/2022\/08\/WhatsApp-Image-2022-08-21-at-15.01.05-1024x768.jpeg\" class=\"attachment-large size-large\" alt=\"\" loading=\"lazy\" srcset=\"https:\/\/www.pofi.at\/wp-content\/uploads\/2022\/08\/WhatsApp-Image-2022-08-21-at-15.01.05-1024x768.jpeg 1024w, https:\/\/www.pofi.at\/wp-content\/uploads\/2022\/08\/WhatsApp-Image-2022-08-21-at-15.01.05-300x225.jpeg 300w, https:\/\/www.pofi.at\/wp-content\/uploads\/2022\/08\/WhatsApp-Image-2022-08-21-at-15.01.05-768x576.jpeg 768w, https:\/\/www.pofi.at\/wp-content\/uploads\/2022\/08\/WhatsApp-Image-2022-08-21-at-15.01.05-1536x1152.jpeg 1536w, https:\/\/www.pofi.at\/wp-content\/uploads\/2022\/08\/WhatsApp-Image-2022-08-21-at-15.01.05.jpeg 2000w\" sizes=\"100vw\" \/>\t\t\t\t\t\t\t\t\t\t\t\t\t\t\t<\/div>\n\t\t\t\t<\/div>\n\t\t\t\t\t<\/div>\n\t\t<\/div>\n\t\t\t\t\t\t\t<\/div>\n\t\t<\/section>\n\t\t\t\t\t\t\t<\/div>\n\t\t","protected":false},"excerpt":{"rendered":"<p>Startseite Leistungen Kontakt Impressum office@pofi.at \u2706 +43 676 3506768 Kontakt PoFi GmbHStallhofstra\u00dfe 24a8112 Gratwein\u00d6sterreich Tel.Nr.: 0676 3506768E-Mail: office@pofi.at Wir sind f\u00fcr Sie da! Unser Elektrikermeister hilft Ihnen sehr gerne. Melden Sie sich gerne telefonisch f\u00fcr eine Erstberatung. Wenn Sie m\u00f6chten vereinbaren wir gerne einen Termin f\u00fcr ein pers\u00f6hnliches Gespr\u00e4ch oder eine Besichtigung. Wir haben noch &hellip; <\/p>\n<p class=\"link-more\"><a href=\"https:\/\/www.pofi.at\/?page_id=82\" class=\"more-link\"><span class=\"screen-reader-text\">\u201eKontakt\u201c<\/span> weiterlesen<\/a><\/p>\n","protected":false},"author":2,"featured_media":0,"parent":0,"menu_order":0,"comment_status":"closed","ping_status":"closed","template":"","meta":[],"yoast_head":"<!-- This site is optimized with the Yoast SEO plugin v19.5.1 - https:\/\/yoast.com\/wordpress\/plugins\/seo\/ -->\n<title>Kontakt - PoFi GmbH<\/title>\n<meta name=\"description\" content=\"Unsere Kontaktm\u00f6glichkeiten. Ihr Spezialist f\u00fcr Photovoltaikanlagen aus der Steiermark. Graz Umgebung und Leoben\" \/>\n<meta name=\"robots\" content=\"index, follow, max-snippet:-1, max-image-preview:large, max-video-preview:-1\" \/>\n<link rel=\"canonical\" href=\"https:\/\/www.pofi.at\/?page_id=82\" \/>\n<meta property=\"og:locale\" content=\"de_DE\" \/>\n<meta property=\"og:type\" content=\"article\" \/>\n<meta property=\"og:title\" content=\"Kontakt - PoFi GmbH\" \/>\n<meta property=\"og:description\" content=\"Unsere Kontaktm\u00f6glichkeiten. Ihr Spezialist f\u00fcr Photovoltaikanlagen aus der Steiermark. Graz Umgebung und Leoben\" \/>\n<meta property=\"og:url\" content=\"https:\/\/www.pofi.at\/?page_id=82\" \/>\n<meta property=\"og:site_name\" content=\"PoFi GmbH\" \/>\n<meta property=\"article:modified_time\" content=\"2023-04-28T10:04:48+00:00\" \/>\n<meta property=\"og:image\" content=\"http:\/\/www.pofi.at\/wp-content\/uploads\/2023\/04\/POFILOGO-3.png\" \/>\n<meta name=\"twitter:card\" content=\"summary_large_image\" \/>\n<meta name=\"twitter:label1\" content=\"Gesch\u00e4tzte Lesezeit\" \/>\n\t<meta name=\"twitter:data1\" content=\"1 Minute\" \/>\n<script type=\"application\/ld+json\" class=\"yoast-schema-graph\">{\"@context\":\"https:\/\/schema.org\",\"@graph\":[{\"@type\":\"WebPage\",\"@id\":\"https:\/\/www.pofi.at\/?page_id=82\",\"url\":\"https:\/\/www.pofi.at\/?page_id=82\",\"name\":\"Kontakt - PoFi GmbH\",\"isPartOf\":{\"@id\":\"https:\/\/www.pofi.at\/#website\"},\"datePublished\":\"2022-08-21T12:16:48+00:00\",\"dateModified\":\"2023-04-28T10:04:48+00:00\",\"description\":\"Unsere Kontaktm\u00f6glichkeiten. Ihr Spezialist f\u00fcr Photovoltaikanlagen aus der Steiermark. Graz Umgebung und Leoben\",\"breadcrumb\":{\"@id\":\"https:\/\/www.pofi.at\/?page_id=82#breadcrumb\"},\"inLanguage\":\"de-DE\",\"potentialAction\":[{\"@type\":\"ReadAction\",\"target\":[\"https:\/\/www.pofi.at\/?page_id=82\"]}]},{\"@type\":\"BreadcrumbList\",\"@id\":\"https:\/\/www.pofi.at\/?page_id=82#breadcrumb\",\"itemListElement\":[{\"@type\":\"ListItem\",\"position\":1,\"name\":\"Startseite\",\"item\":\"https:\/\/www.pofi.at\/\"},{\"@type\":\"ListItem\",\"position\":2,\"name\":\"Kontakt\"}]},{\"@type\":\"WebSite\",\"@id\":\"https:\/\/www.pofi.at\/#website\",\"url\":\"https:\/\/www.pofi.at\/\",\"name\":\"PoFi GmbH\",\"description\":\"Photovoltaik - Energiespeichersyteme - W\u00e4rmepumpen\",\"publisher\":{\"@id\":\"https:\/\/www.pofi.at\/#organization\"},\"potentialAction\":[{\"@type\":\"SearchAction\",\"target\":{\"@type\":\"EntryPoint\",\"urlTemplate\":\"https:\/\/www.pofi.at\/?s={search_term_string}\"},\"query-input\":\"required name=search_term_string\"}],\"inLanguage\":\"de-DE\"},{\"@type\":\"Organization\",\"@id\":\"https:\/\/www.pofi.at\/#organization\",\"name\":\"PoFi GmbH\",\"url\":\"https:\/\/www.pofi.at\/\",\"sameAs\":[],\"logo\":{\"@type\":\"ImageObject\",\"inLanguage\":\"de-DE\",\"@id\":\"https:\/\/www.pofi.at\/#\/schema\/logo\/image\/\",\"url\":\"https:\/\/www.pofi.at\/wp-content\/uploads\/2022\/08\/cropped-cropped-Design-ohne-Titel-1-e1682578035281.png\",\"contentUrl\":\"https:\/\/www.pofi.at\/wp-content\/uploads\/2022\/08\/cropped-cropped-Design-ohne-Titel-1-e1682578035281.png\",\"width\":151,\"height\":117,\"caption\":\"PoFi GmbH\"},\"image\":{\"@id\":\"https:\/\/www.pofi.at\/#\/schema\/logo\/image\/\"}}]}<\/script>\n<!-- \/ Yoast SEO plugin. -->","yoast_head_json":{"title":"Kontakt - PoFi GmbH","description":"Unsere Kontaktm\u00f6glichkeiten. Ihr Spezialist f\u00fcr Photovoltaikanlagen aus der Steiermark. Graz Umgebung und Leoben","robots":{"index":"index","follow":"follow","max-snippet":"max-snippet:-1","max-image-preview":"max-image-preview:large","max-video-preview":"max-video-preview:-1"},"canonical":"https:\/\/www.pofi.at\/?page_id=82","og_locale":"de_DE","og_type":"article","og_title":"Kontakt - PoFi GmbH","og_description":"Unsere Kontaktm\u00f6glichkeiten. Ihr Spezialist f\u00fcr Photovoltaikanlagen aus der Steiermark. Graz Umgebung und Leoben","og_url":"https:\/\/www.pofi.at\/?page_id=82","og_site_name":"PoFi GmbH","article_modified_time":"2023-04-28T10:04:48+00:00","og_image":[{"url":"http:\/\/www.pofi.at\/wp-content\/uploads\/2023\/04\/POFILOGO-3.png"}],"twitter_card":"summary_large_image","twitter_misc":{"Gesch\u00e4tzte Lesezeit":"1 Minute"},"schema":{"@context":"https:\/\/schema.org","@graph":[{"@type":"WebPage","@id":"https:\/\/www.pofi.at\/?page_id=82","url":"https:\/\/www.pofi.at\/?page_id=82","name":"Kontakt - PoFi GmbH","isPartOf":{"@id":"https:\/\/www.pofi.at\/#website"},"datePublished":"2022-08-21T12:16:48+00:00","dateModified":"2023-04-28T10:04:48+00:00","description":"Unsere Kontaktm\u00f6glichkeiten. Ihr Spezialist f\u00fcr Photovoltaikanlagen aus der Steiermark. Graz Umgebung und Leoben","breadcrumb":{"@id":"https:\/\/www.pofi.at\/?page_id=82#breadcrumb"},"inLanguage":"de-DE","potentialAction":[{"@type":"ReadAction","target":["https:\/\/www.pofi.at\/?page_id=82"]}]},{"@type":"BreadcrumbList","@id":"https:\/\/www.pofi.at\/?page_id=82#breadcrumb","itemListElement":[{"@type":"ListItem","position":1,"name":"Startseite","item":"https:\/\/www.pofi.at\/"},{"@type":"ListItem","position":2,"name":"Kontakt"}]},{"@type":"WebSite","@id":"https:\/\/www.pofi.at\/#website","url":"https:\/\/www.pofi.at\/","name":"PoFi GmbH","description":"Photovoltaik - Energiespeichersyteme - W\u00e4rmepumpen","publisher":{"@id":"https:\/\/www.pofi.at\/#organization"},"potentialAction":[{"@type":"SearchAction","target":{"@type":"EntryPoint","urlTemplate":"https:\/\/www.pofi.at\/?s={search_term_string}"},"query-input":"required name=search_term_string"}],"inLanguage":"de-DE"},{"@type":"Organization","@id":"https:\/\/www.pofi.at\/#organization","name":"PoFi GmbH","url":"https:\/\/www.pofi.at\/","sameAs":[],"logo":{"@type":"ImageObject","inLanguage":"de-DE","@id":"https:\/\/www.pofi.at\/#\/schema\/logo\/image\/","url":"https:\/\/www.pofi.at\/wp-content\/uploads\/2022\/08\/cropped-cropped-Design-ohne-Titel-1-e1682578035281.png","contentUrl":"https:\/\/www.pofi.at\/wp-content\/uploads\/2022\/08\/cropped-cropped-Design-ohne-Titel-1-e1682578035281.png","width":151,"height":117,"caption":"PoFi GmbH"},"image":{"@id":"https:\/\/www.pofi.at\/#\/schema\/logo\/image\/"}}]}},"_links":{"self":[{"href":"https:\/\/www.pofi.at\/index.php?rest_route=\/wp\/v2\/pages\/82"}],"collection":[{"href":"https:\/\/www.pofi.at\/index.php?rest_route=\/wp\/v2\/pages"}],"about":[{"href":"https:\/\/www.pofi.at\/index.php?rest_route=\/wp\/v2\/types\/page"}],"author":[{"embeddable":true,"href":"https:\/\/www.pofi.at\/index.php?rest_route=\/wp\/v2\/users\/2"}],"replies":[{"embeddable":true,"href":"https:\/\/www.pofi.at\/index.php?rest_route=%2Fwp%2Fv2%2Fcomments&post=82"}],"version-history":[{"count":14,"href":"https:\/\/www.pofi.at\/index.php?rest_route=\/wp\/v2\/pages\/82\/revisions"}],"predecessor-version":[{"id":550,"href":"https:\/\/www.pofi.at\/index.php?rest_route=\/wp\/v2\/pages\/82\/revisions\/550"}],"wp:attachment":[{"href":"https:\/\/www.pofi.at\/index.php?rest_route=%2Fwp%2Fv2%2Fmedia&parent=82"}],"curies":[{"name":"wp","href":"https:\/\/api.w.org\/{rel}","templated":true}]}}